{"id":23690,"date":"2024-12-09T03:05:41","date_gmt":"2024-12-09T03:05:41","guid":{"rendered":"https:\/\/luxgroup.vn\/news\/"},"modified":"2025-08-23T10:33:06","modified_gmt":"2025-08-23T10:33:06","slug":"tin-tuc","status":"publish","type":"page","link":"https:\/\/luxgroup.vn\/vi\/tin-tuc\/","title":{"rendered":"Tin T\u1ee9c"},"content":{"rendered":"\t\t<div data-elementor-type=\"wp-page\" data-elementor-id=\"23690\" class=\"elementor elementor-23690 elementor-23681\">\n\t\t\t\t\t\t\t\t\t<section class=\"elementor-section elementor-top-section elementor-element elementor-element-9ff73d4 elementor-section-boxed elementor-section-height-default elementor-section-height-default sc_fly_static\" data-id=\"9ff73d4\" data-element_type=\"section\">\n\t\t\t\t\t\t<div class=\"elementor-container elementor-column-gap-extended\">\n\t\t\t\t\t<div class=\"elementor-column elementor-col-100 elementor-top-column elementor-element elementor-element-c62954e sc_inner_width_none sc_content_align_inherit sc_layouts_column_icons_position_left sc_fly_static\" data-id=\"c62954e\" data-element_type=\"column\">\n\t\t\t<div class=\"elementor-widget-wrap elementor-element-populated\">\n\t\t\t\t\t\t\t\t<div class=\"elementor-element elementor-element-ce21ff3 sc_fly_static elementor-widget elementor-widget-trx_sc_title\" data-id=\"ce21ff3\" data-element_type=\"widget\" data-widget_type=\"trx_sc_title.default\">\n\t\t\t\t<div class=\"elementor-widget-container\">\n\t\t\t<div\t\tclass=\"sc_title sc_title_default\" ><span class=\"sc_item_subtitle sc_title_subtitle sc_align_center sc_item_subtitle_above sc_item_title_style_default\">LuxGroup<\/span><h2 class=\"sc_item_title sc_title_title sc_align_center sc_item_title_style_default\"\n\t\t\t><span class=\"sc_item_title_text\">Tin T\u1ee9c<\/span><\/h2><div class=\"sc_item_descr sc_title_descr sc_align_center\"><p>Tin T\u1ee9c h\u00e0ng ng\u00e0y v\u1ec1 LuxGroup v\u00e0 du l\u1ecbch Ch\u00e2u \u00c1<\/p>\n<\/div><\/div>\t\t<\/div>\n\t\t\t\t<\/div>\n\t\t\t\t<div class=\"elementor-element elementor-element-8202112 sc_height_medium sc_fly_static elementor-widget elementor-widget-spacer\" data-id=\"8202112\" data-element_type=\"widget\" data-widget_type=\"spacer.default\">\n\t\t\t\t<div class=\"elementor-widget-container\">\n\t\t\t<style>\/*! elementor - v3.7.8 - 02-10-2022 *\/\n.elementor-column .elementor-spacer-inner{height:var(--spacer-size)}.e-container{--container-widget-width:100%}.e-container>.elementor-widget-spacer{width:var(--container-widget-width,var(--spacer-size));-ms-flex-item-align:stretch;align-self:stretch;-ms-flex-negative:0;flex-shrink:0}.e-container>.elementor-widget-spacer>.elementor-widget-container,.e-container>.elementor-widget-spacer>.elementor-widget-container>.elementor-spacer{height:100%}.e-container>.elementor-widget-spacer>.elementor-widget-container>.elementor-spacer>.elementor-spacer-inner{height:var(--container-widget-height,var(--spacer-size))}<\/style>\t\t<div class=\"elementor-spacer\">\n\t\t\t<div class=\"elementor-spacer-inner\"><\/div>\n\t\t<\/div>\n\t\t\t\t<\/div>\n\t\t\t\t<\/div>\n\t\t\t\t<div class=\"elementor-element elementor-element-3f26ad3 elementor-grid-3 elementor-grid-tablet-2 elementor-grid-mobile-1 elementor-posts--thumbnail-top elementor-card-shadow-yes elementor-posts__hover-gradient sc_fly_static elementor-widget elementor-widget-posts\" data-id=\"3f26ad3\" data-element_type=\"widget\" data-settings=\"{&quot;pagination_type&quot;:&quot;numbers_and_prev_next&quot;,&quot;cards_columns&quot;:&quot;3&quot;,&quot;cards_columns_tablet&quot;:&quot;2&quot;,&quot;cards_columns_mobile&quot;:&quot;1&quot;,&quot;cards_row_gap&quot;:{&quot;unit&quot;:&quot;px&quot;,&quot;size&quot;:35,&quot;sizes&quot;:[]},&quot;cards_row_gap_tablet&quot;:{&quot;unit&quot;:&quot;px&quot;,&quot;size&quot;:&quot;&quot;,&quot;sizes&quot;:[]},&quot;cards_row_gap_mobile&quot;:{&quot;unit&quot;:&quot;px&quot;,&quot;size&quot;:&quot;&quot;,&quot;sizes&quot;:[]}}\" data-widget_type=\"posts.cards\">\n\t\t\t\t<div class=\"elementor-widget-container\">\n\t\t\t<link rel=\"stylesheet\" href=\"https:\/\/luxgroup.vn\/wp-content\/plugins\/elementor-pro\/assets\/css\/widget-posts.min.css\">\t\t<div class=\"elementor-posts-container elementor-posts elementor-posts--skin-cards elementor-grid\">\n\t\t\t\t<article class=\"elementor-post elementor-grid-item post-27298 post type-post status-publish format-standard has-post-thumbnail hentry category-news category-luxnews category-tin-tuc-3 tag-green-growth tag-tang-truong-xanh\">\n\t\t\t<div class=\"elementor-post__card\">\n\t\t\t\t<a class=\"elementor-post__thumbnail__link\" href=\"https:\/\/luxgroup.vn\/vi\/ai-chuyen-doi-so-va-tang-truong-xanh-don-bay-nang-cao-nang-suat-du-lich-viet-nam\/\" ><div class=\"elementor-post__thumbnail\"><img src=\"https:\/\/luxgroup.vn\/wp-content\/uploads\/2026\/04\/x7hjwbyof064yghzmmlw.jpg\" title=\"x7hjwbyof064yghzmmlw\" alt=\"x7hjwbyof064yghzmmlw\" \/><\/div><\/a>\n\t\t\t\t<div class=\"elementor-post__badge\">In The News<\/div>\n\t\t\t\t<div class=\"elementor-post__text\">\n\t\t\t\t<h3 class=\"elementor-post__title\">\n\t\t\t<a href=\"https:\/\/luxgroup.vn\/vi\/ai-chuyen-doi-so-va-tang-truong-xanh-don-bay-nang-cao-nang-suat-du-lich-viet-nam\/\" >\n\t\t\t\tAI, chuy\u1ec3n \u0111\u1ed5i s\u1ed1 v\u00e0 t\u0103ng tr\u01b0\u1edfng xanh: \u0110\u00f2n b\u1ea9y n\u00e2ng cao n\u0103ng su\u1ea5t du l\u1ecbch Vi\u1ec7t Nam\t\t\t<\/a>\n\t\t<\/h3>\n\t\t\t\t<div class=\"elementor-post__excerpt\">\n\t\t\t<p>Trong b\u1ed1i c\u1ea3nh du l\u1ecbch Vi\u1ec7t Nam ph\u1ee5c h\u1ed3i m\u1ea1nh m\u1ebd v\u00e0 li\u00ean t\u1ee5c l\u1eadp<\/p>\n\t\t<\/div>\n\t\t\t\t\t<a class=\"elementor-post__read-more\" href=\"https:\/\/luxgroup.vn\/vi\/ai-chuyen-doi-so-va-tang-truong-xanh-don-bay-nang-cao-nang-suat-du-lich-viet-nam\/\" >\n\t\t\t\tRead More \u00bb\t\t\t<\/a>\n\t\t\t\t<\/div>\n\t\t\t\t\t<\/div>\n\t\t<\/article>\n\t\t\t\t<article class=\"elementor-post elementor-grid-item post-27290 post type-post status-publish format-standard has-post-thumbnail hentry category-news category-tin-tuc-3 tag-ho-chi-minh-city\">\n\t\t\t<div class=\"elementor-post__card\">\n\t\t\t\t<a class=\"elementor-post__thumbnail__link\" href=\"https:\/\/luxgroup.vn\/vi\/kinh-te-dem-tp-hcm-khong-phai-mo-den-ma-phai-thap-hon\/\" ><div class=\"elementor-post__thumbnail\"><img src=\"https:\/\/luxgroup.vn\/wp-content\/uploads\/2026\/04\/original-74117ED9-6F22-4A2E-A977-DBE7769E52B7.jpg\" title=\"original-74117ED9-6F22-4A2E-A977-DBE7769E52B7\" alt=\"original-74117ED9-6F22-4A2E-A977-DBE7769E52B7\" \/><\/div><\/a>\n\t\t\t\t<div class=\"elementor-post__badge\">In The News<\/div>\n\t\t\t\t<div class=\"elementor-post__text\">\n\t\t\t\t<h3 class=\"elementor-post__title\">\n\t\t\t<a href=\"https:\/\/luxgroup.vn\/vi\/kinh-te-dem-tp-hcm-khong-phai-mo-den-ma-phai-thap-hon\/\" >\n\t\t\t\tKinh t\u1ebf \u0111\u00eam TP.HCM: Kh\u00f4ng ph\u1ea3i m\u1edf \u0111\u00e8n, m\u00e0 ph\u1ea3i th\u1eafp h\u1ed3n\t\t\t<\/a>\n\t\t<\/h3>\n\t\t\t\t<div class=\"elementor-post__excerpt\">\n\t\t\t<p>Ho Chi Minh City t\u1eeb l\u00e2u \u0111\u01b0\u1ee3c xem l\u00e0 \u0111\u00f4 th\u1ecb n\u0103ng \u0111\u1ed9ng nh\u1ea5t c\u1ea3<\/p>\n\t\t<\/div>\n\t\t\t\t\t<a class=\"elementor-post__read-more\" href=\"https:\/\/luxgroup.vn\/vi\/kinh-te-dem-tp-hcm-khong-phai-mo-den-ma-phai-thap-hon\/\" >\n\t\t\t\tRead More \u00bb\t\t\t<\/a>\n\t\t\t\t<\/div>\n\t\t\t\t\t<\/div>\n\t\t<\/article>\n\t\t\t\t<article class=\"elementor-post elementor-grid-item post-27280 post type-post status-publish format-standard has-post-thumbnail hentry category-experiences category-news category-tin-tuc-3 tag-luxury-travel tag-quiet-luxury-travel\">\n\t\t\t<div class=\"elementor-post__card\">\n\t\t\t\t<a class=\"elementor-post__thumbnail__link\" href=\"https:\/\/luxgroup.vn\/vi\/quiet-luxury-khi-xa-xi-khong-con-la-pho-truong-ma-la-chieu-sau-van-hoa\/\" ><div class=\"elementor-post__thumbnail\"><img src=\"https:\/\/luxgroup.vn\/wp-content\/uploads\/2026\/04\/original-1362601C-EE31-4D2E-90FE-636D05A4611E.jpeg\" title=\"original-1362601C-EE31-4D2E-90FE-636D05A4611E\" alt=\"original-1362601C-EE31-4D2E-90FE-636D05A4611E\" \/><\/div><\/a>\n\t\t\t\t<div class=\"elementor-post__badge\">Experiences<\/div>\n\t\t\t\t<div class=\"elementor-post__text\">\n\t\t\t\t<h3 class=\"elementor-post__title\">\n\t\t\t<a href=\"https:\/\/luxgroup.vn\/vi\/quiet-luxury-khi-xa-xi-khong-con-la-pho-truong-ma-la-chieu-sau-van-hoa\/\" >\n\t\t\t\tQuiet Luxury: Khi xa x\u1ec9 kh\u00f4ng c\u00f2n l\u00e0 ph\u00f4 tr\u01b0\u01a1ng, m\u00e0 l\u00e0 chi\u1ec1u s\u00e2u v\u0103n h\u00f3a\t\t\t<\/a>\n\t\t<\/h3>\n\t\t\t\t<div class=\"elementor-post__excerpt\">\n\t\t\t<p>Trong m\u1ed9t th\u1ebf gi\u1edbi ng\u00e0y c\u00e0ng \u1ed3n \u00e0o, n\u01a1i s\u1ef1 ch\u00fa \u00fd tr\u1edf th\u00e0nh m\u1ed9t<\/p>\n\t\t<\/div>\n\t\t\t\t\t<a class=\"elementor-post__read-more\" href=\"https:\/\/luxgroup.vn\/vi\/quiet-luxury-khi-xa-xi-khong-con-la-pho-truong-ma-la-chieu-sau-van-hoa\/\" >\n\t\t\t\tRead More \u00bb\t\t\t<\/a>\n\t\t\t\t<\/div>\n\t\t\t\t\t<\/div>\n\t\t<\/article>\n\t\t\t\t<article class=\"elementor-post elementor-grid-item post-27228 post type-post status-publish format-standard has-post-thumbnail hentry category-tin-tuc category-luxnews-vi-2\">\n\t\t\t<div class=\"elementor-post__card\">\n\t\t\t\t<a class=\"elementor-post__thumbnail__link\" href=\"https:\/\/luxgroup.vn\/vi\/vuot-quy-mo-thuong-hieu-viet-tai-dinh-nghia-du-lich-tich-hop-cao-cap-chau-a\/\" ><div class=\"elementor-post__thumbnail\"><img src=\"https:\/\/luxgroup.vn\/wp-content\/uploads\/2026\/03\/Vietnams-Travel-Brand-Redefining-Integrated-6.jpg\" title=\"Vietnams-Travel-Brand-Redefining-Integrated-6\" alt=\"Vietnams-Travel-Brand-Redefining-Integrated-6\" \/><\/div><\/a>\n\t\t\t\t<div class=\"elementor-post__badge\">In The News<\/div>\n\t\t\t\t<div class=\"elementor-post__text\">\n\t\t\t\t<h3 class=\"elementor-post__title\">\n\t\t\t<a href=\"https:\/\/luxgroup.vn\/vi\/vuot-quy-mo-thuong-hieu-viet-tai-dinh-nghia-du-lich-tich-hop-cao-cap-chau-a\/\" >\n\t\t\t\tV\u01b0\u1ee3t quy m\u00f4: Th\u01b0\u01a1ng hi\u1ec7u Vi\u1ec7t t\u00e1i \u0111\u1ecbnh ngh\u0129a du l\u1ecbch t\u00edch h\u1ee3p cao c\u1ea5p ch\u00e2u \u00c1\t\t\t<\/a>\n\t\t<\/h3>\n\t\t\t\t<div class=\"elementor-post__excerpt\">\n\t\t\t<p>Trong b\u1ed1i c\u1ea3nh ng\u00e0nh du l\u1ecbch ch\u00e2u \u00c1 \u0111ang chuy\u1ec3n m\u00ecnh m\u1ea1nh m\u1ebd, quy m\u00f4<\/p>\n\t\t<\/div>\n\t\t\t\t\t<a class=\"elementor-post__read-more\" href=\"https:\/\/luxgroup.vn\/vi\/vuot-quy-mo-thuong-hieu-viet-tai-dinh-nghia-du-lich-tich-hop-cao-cap-chau-a\/\" >\n\t\t\t\tRead More \u00bb\t\t\t<\/a>\n\t\t\t\t<\/div>\n\t\t\t\t\t<\/div>\n\t\t<\/article>\n\t\t\t\t<article class=\"elementor-post elementor-grid-item post-27253 post type-post status-publish format-standard has-post-thumbnail hentry category-experiences category-news category-tin-tuc-3 tag-amiral-cruises-2\">\n\t\t\t<div class=\"elementor-post__card\">\n\t\t\t\t<a class=\"elementor-post__thumbnail__link\" href=\"https:\/\/luxgroup.vn\/vi\/amiral-cruises-for-presidents-trai-nghiem-du-lich-song-bien-truyen-cam-hung-bac-nhat-chau-a\/\" ><div class=\"elementor-post__thumbnail\"><img src=\"https:\/\/luxgroup.vn\/wp-content\/uploads\/2026\/03\/Vietnams-Travel-Brand-Redefining-Integrated-1.jpg\" title=\"Vietnam\u2019s Travel Brand Redefining Integrated-1\" alt=\"Vietnam\u2019s Travel Brand Redefining Integrated-1\" \/><\/div><\/a>\n\t\t\t\t<div class=\"elementor-post__badge\">Experiences<\/div>\n\t\t\t\t<div class=\"elementor-post__text\">\n\t\t\t\t<h3 class=\"elementor-post__title\">\n\t\t\t<a href=\"https:\/\/luxgroup.vn\/vi\/amiral-cruises-for-presidents-trai-nghiem-du-lich-song-bien-truyen-cam-hung-bac-nhat-chau-a\/\" >\n\t\t\t\tAmiral Cruises for Presidents\u00ae \u2013 Tr\u1ea3i nghi\u1ec7m du l\u1ecbch s\u00f4ng \u2013 bi\u1ec3n truy\u1ec1n c\u1ea3m h\u1ee9ng b\u1eadc nh\u1ea5t ch\u00e2u \u00c1\t\t\t<\/a>\n\t\t<\/h3>\n\t\t\t\t<div class=\"elementor-post__excerpt\">\n\t\t\t<p>Trong k\u1ef7 nguy\u00ean m\u1edbi c\u1ee7a du l\u1ecbch xa x\u1ec9, nh\u1eefng h\u00e0nh tr\u00ecnh \u0111\u00e1ng nh\u1edb kh\u00f4ng<\/p>\n\t\t<\/div>\n\t\t\t\t\t<a class=\"elementor-post__read-more\" href=\"https:\/\/luxgroup.vn\/vi\/amiral-cruises-for-presidents-trai-nghiem-du-lich-song-bien-truyen-cam-hung-bac-nhat-chau-a\/\" >\n\t\t\t\tRead More \u00bb\t\t\t<\/a>\n\t\t\t\t<\/div>\n\t\t\t\t\t<\/div>\n\t\t<\/article>\n\t\t\t\t<article class=\"elementor-post elementor-grid-item post-27155 post type-post status-publish format-standard has-post-thumbnail hentry category-luxnews-vi-2 category-news-vi tag-amiral-cruises tag-luxgroup-2-2\">\n\t\t\t<div class=\"elementor-post__card\">\n\t\t\t\t<a class=\"elementor-post__thumbnail__link\" href=\"https:\/\/luxgroup.vn\/vi\/du-lich-lang-viet-giu-hon-giu-nguoi-giu-tuong-lai\/\" ><div class=\"elementor-post__thumbnail\"><img src=\"https:\/\/luxgroup.vn\/wp-content\/uploads\/2026\/03\/Vietnams-Village-Tourism-2.jpg\" title=\"Vietnam\u2019s Village Tourism-2\" alt=\"Vietnam\u2019s Village Tourism-2\" \/><\/div><\/a>\n\t\t\t\t<div class=\"elementor-post__badge\">LuxNews<\/div>\n\t\t\t\t<div class=\"elementor-post__text\">\n\t\t\t\t<h3 class=\"elementor-post__title\">\n\t\t\t<a href=\"https:\/\/luxgroup.vn\/vi\/du-lich-lang-viet-giu-hon-giu-nguoi-giu-tuong-lai\/\" >\n\t\t\t\tDu l\u1ecbch l\u00e0ng Vi\u1ec7t: Gi\u1eef h\u1ed3n \u2013 gi\u1eef ng\u01b0\u1eddi \u2013 gi\u1eef t\u01b0\u01a1ng lai\t\t\t<\/a>\n\t\t<\/h3>\n\t\t\t\t<div class=\"elementor-post__excerpt\">\n\t\t\t<p>T\u00f4i c\u00f9ng c\u1ed9ng s\u1ef1 v\u1eeba c\u00f3 d\u1ecbp tr\u1ea3i nghi\u1ec7m v\u0103n h\u00f3a t\u1ea1i L\u00e0ng H\u00f9ng L\u00f4<\/p>\n\t\t<\/div>\n\t\t\t\t\t<a class=\"elementor-post__read-more\" href=\"https:\/\/luxgroup.vn\/vi\/du-lich-lang-viet-giu-hon-giu-nguoi-giu-tuong-lai\/\" >\n\t\t\t\tRead More \u00bb\t\t\t<\/a>\n\t\t\t\t<\/div>\n\t\t\t\t\t<\/div>\n\t\t<\/article>\n\t\t\t\t<article class=\"elementor-post elementor-grid-item post-27137 post type-post status-publish format-standard has-post-thumbnail hentry category-news category-luxnews category-tin-tuc-3 tag-amiral-cruises-2 tag-luxgroup-vi tag-luxgroup-2-2\">\n\t\t\t<div class=\"elementor-post__card\">\n\t\t\t\t<a class=\"elementor-post__thumbnail__link\" href=\"https:\/\/luxgroup.vn\/vi\/tam-the-doanh-nhan-khat-vong-trach-nhiem-dung-nguoi-va-phung-su\/\" ><div class=\"elementor-post__thumbnail\"><img src=\"https:\/\/luxgroup.vn\/wp-content\/uploads\/2026\/01\/z7439045471503_370cb33ddb695aee39379fb704274443.jpg\" title=\"z7439045471503_370cb33ddb695aee39379fb704274443\" alt=\"z7439045471503_370cb33ddb695aee39379fb704274443\" \/><\/div><\/a>\n\t\t\t\t<div class=\"elementor-post__badge\">In The News<\/div>\n\t\t\t\t<div class=\"elementor-post__text\">\n\t\t\t\t<h3 class=\"elementor-post__title\">\n\t\t\t<a href=\"https:\/\/luxgroup.vn\/vi\/tam-the-doanh-nhan-khat-vong-trach-nhiem-dung-nguoi-va-phung-su\/\" >\n\t\t\t\tT\u00e2m Th\u1ebf Doanh Nh\u00e2n: Kh\u00e1t V\u1ecdng, Tr\u00e1ch Nhi\u1ec7m, D\u00f9ng Ng\u01b0\u1eddi V\u00e0 Ph\u1ee5ng S\u1ef1\t\t\t<\/a>\n\t\t<\/h3>\n\t\t\t\t<div class=\"elementor-post__excerpt\">\n\t\t\t<p>Dr. Ph\u1ea1m H\u00e0 \u2013 Founding President &amp; CEO, LuxGroup\u00ae Trong k\u1ef7 nguy\u00ean m\u00e0 doanh nghi\u1ec7p<\/p>\n\t\t<\/div>\n\t\t\t\t\t<a class=\"elementor-post__read-more\" href=\"https:\/\/luxgroup.vn\/vi\/tam-the-doanh-nhan-khat-vong-trach-nhiem-dung-nguoi-va-phung-su\/\" >\n\t\t\t\tRead More \u00bb\t\t\t<\/a>\n\t\t\t\t<\/div>\n\t\t\t\t\t<\/div>\n\t\t<\/article>\n\t\t\t\t<article class=\"elementor-post elementor-grid-item post-27125 post type-post status-publish format-standard has-post-thumbnail hentry category-news category-luxnews category-tin-tuc-3 tag-luxgroup-2-2 tag-luxgroup-vi\">\n\t\t\t<div class=\"elementor-post__card\">\n\t\t\t\t<a class=\"elementor-post__thumbnail__link\" href=\"https:\/\/luxgroup.vn\/vi\/di-san-la-von-quy-khi-doanh-nghiep-viet-ke-cau-chuyen-tang-truong-tu-van-hoa\/\" ><div class=\"elementor-post__thumbnail\"><img src=\"https:\/\/luxgroup.vn\/wp-content\/uploads\/2026\/03\/original-803C1C00-4E0D-40D1-8ADF-D5AD0ED610B9.jpeg\" title=\"original-803C1C00-4E0D-40D1-8ADF-D5AD0ED610B9\" alt=\"original-803C1C00-4E0D-40D1-8ADF-D5AD0ED610B9\" \/><\/div><\/a>\n\t\t\t\t<div class=\"elementor-post__badge\">In The News<\/div>\n\t\t\t\t<div class=\"elementor-post__text\">\n\t\t\t\t<h3 class=\"elementor-post__title\">\n\t\t\t<a href=\"https:\/\/luxgroup.vn\/vi\/di-san-la-von-quy-khi-doanh-nghiep-viet-ke-cau-chuyen-tang-truong-tu-van-hoa\/\" >\n\t\t\t\tDi s\u1ea3n l\u00e0 v\u1ed1n qu\u00fd: Khi doanh nghi\u1ec7p Vi\u1ec7t k\u1ec3 c\u00e2u chuy\u1ec7n t\u0103ng tr\u01b0\u1edfng t\u1eeb v\u0103n h\u00f3a\t\t\t<\/a>\n\t\t<\/h3>\n\t\t\t\t<div class=\"elementor-post__excerpt\">\n\t\t\t<p>\u0110\u1ea7u xu\u00e2n B\u00ednh Ng\u1ecd 2026, m\u1ed9t t\u1eadp \u0111o\u00e0n Malaysia h\u01a1n 60 n\u0103m tu\u1ed5i b\u00e0y t\u1ecf<\/p>\n\t\t<\/div>\n\t\t\t\t\t<a class=\"elementor-post__read-more\" href=\"https:\/\/luxgroup.vn\/vi\/di-san-la-von-quy-khi-doanh-nghiep-viet-ke-cau-chuyen-tang-truong-tu-van-hoa\/\" >\n\t\t\t\tRead More \u00bb\t\t\t<\/a>\n\t\t\t\t<\/div>\n\t\t\t\t\t<\/div>\n\t\t<\/article>\n\t\t\t\t<article class=\"elementor-post elementor-grid-item post-27115 post type-post status-publish format-standard has-post-thumbnail hentry category-news category-prosperity category-tin-tuc-3 tag-du-lich-sang-trong tag-luxury-tourism\">\n\t\t\t<div class=\"elementor-post__card\">\n\t\t\t\t<a class=\"elementor-post__thumbnail__link\" href=\"https:\/\/luxgroup.vn\/vi\/25-nguyen-ly-nguoc-cua-du-lich-sang-trong\/\" ><div class=\"elementor-post__thumbnail\"><img src=\"https:\/\/luxgroup.vn\/wp-content\/uploads\/2026\/03\/original-29A4F16E-FA97-400B-99AB-0F8CC5231773.jpeg\" title=\"original-29A4F16E-FA97-400B-99AB-0F8CC5231773\" alt=\"original-29A4F16E-FA97-400B-99AB-0F8CC5231773\" \/><\/div><\/a>\n\t\t\t\t<div class=\"elementor-post__badge\">In The News<\/div>\n\t\t\t\t<div class=\"elementor-post__text\">\n\t\t\t\t<h3 class=\"elementor-post__title\">\n\t\t\t<a href=\"https:\/\/luxgroup.vn\/vi\/25-nguyen-ly-nguoc-cua-du-lich-sang-trong\/\" >\n\t\t\t\t25 Nguy\u00ean L\u00fd Ng\u01b0\u1ee3c C\u1ee7a Du L\u1ecbch Sang Tr\u1ecdng\t\t\t<\/a>\n\t\t<\/h3>\n\t\t\t\t<div class=\"elementor-post__excerpt\">\n\t\t\t<p>T\u01b0 duy chi\u1ebfn l\u01b0\u1ee3c m\u1edbi cho c\u00e1c th\u01b0\u01a1ng hi\u1ec7u du l\u1ecbch cao c\u1ea5p t\u1ea1i Vi\u1ec7t<\/p>\n\t\t<\/div>\n\t\t\t\t\t<a class=\"elementor-post__read-more\" href=\"https:\/\/luxgroup.vn\/vi\/25-nguyen-ly-nguoc-cua-du-lich-sang-trong\/\" >\n\t\t\t\tRead More \u00bb\t\t\t<\/a>\n\t\t\t\t<\/div>\n\t\t\t\t\t<\/div>\n\t\t<\/article>\n\t\t\t\t<article class=\"elementor-post elementor-grid-item post-27108 post type-post status-publish format-standard has-post-thumbnail hentry category-luxnews category-project category-prosperity category-tin-tuc-3 tag-b2b tag-luxgroup-vi tag-luxgroup-2-2 tag-luxury-travel\">\n\t\t\t<div class=\"elementor-post__card\">\n\t\t\t\t<a class=\"elementor-post__thumbnail__link\" href=\"https:\/\/luxgroup.vn\/vi\/luxgroup-dang-xay-dung-nen-tang-thuong-mai-du-lich-sang-trong-ky-thuat-so-cua-chau-a-nhu-the-nao\/\" ><div class=\"elementor-post__thumbnail\"><img src=\"https:\/\/luxgroup.vn\/wp-content\/uploads\/2023\/08\/9F406BF1-4412-4D64-99DF-148A23BD9849.jpg\" title=\"9F406BF1-4412-4D64-99DF-148A23BD9849\" alt=\"9F406BF1-4412-4D64-99DF-148A23BD9849\" \/><\/div><\/a>\n\t\t\t\t<div class=\"elementor-post__badge\">LuxNews<\/div>\n\t\t\t\t<div class=\"elementor-post__text\">\n\t\t\t\t<h3 class=\"elementor-post__title\">\n\t\t\t<a href=\"https:\/\/luxgroup.vn\/vi\/luxgroup-dang-xay-dung-nen-tang-thuong-mai-du-lich-sang-trong-ky-thuat-so-cua-chau-a-nhu-the-nao\/\" >\n\t\t\t\tLuxGroup \u0110ang X\u00e2y D\u1ef1ng N\u1ec1n T\u1ea3ng Th\u01b0\u01a1ng M\u1ea1i Du L\u1ecbch Sang Tr\u1ecdng K\u1ef9 Thu\u1eadt S\u1ed1 C\u1ee7a Ch\u00e2u \u00c1 Nh\u01b0 Th\u1ebf N\u00e0o\t\t\t<\/a>\n\t\t<\/h3>\n\t\t\t\t<div class=\"elementor-post__excerpt\">\n\t\t\t<p>LuxGroup \u0110ang X\u00e2y D\u1ef1ng N\u1ec1n T\u1ea3ng Th\u01b0\u01a1ng M\u1ea1i Du L\u1ecbch Sang Tr\u1ecdng K\u1ef9 Thu\u1eadt S\u1ed1<\/p>\n\t\t<\/div>\n\t\t\t\t\t<a class=\"elementor-post__read-more\" href=\"https:\/\/luxgroup.vn\/vi\/luxgroup-dang-xay-dung-nen-tang-thuong-mai-du-lich-sang-trong-ky-thuat-so-cua-chau-a-nhu-the-nao\/\" >\n\t\t\t\tRead More \u00bb\t\t\t<\/a>\n\t\t\t\t<\/div>\n\t\t\t\t\t<\/div>\n\t\t<\/article>\n\t\t\t\t<article class=\"elementor-post elementor-grid-item post-27096 post type-post status-publish format-standard has-post-thumbnail hentry category-destinations category-news category-tin-tuc-3 tag-saigon-river tag-song-sai-gon\">\n\t\t\t<div class=\"elementor-post__card\">\n\t\t\t\t<a class=\"elementor-post__thumbnail__link\" href=\"https:\/\/luxgroup.vn\/vi\/tren-song-sai-gon-the-he-du-thuyen-moi-dang-bien-lich-su-thanh-du-lich-sang-trong\/\" ><div class=\"elementor-post__thumbnail\"><img src=\"https:\/\/luxgroup.vn\/wp-content\/uploads\/2026\/03\/original-D202523A-F1A9-4BD3-9E1E-B0F8425B75CA.jpeg\" title=\"original-D202523A-F1A9-4BD3-9E1E-B0F8425B75CA\" alt=\"original-D202523A-F1A9-4BD3-9E1E-B0F8425B75CA\" \/><\/div><\/a>\n\t\t\t\t<div class=\"elementor-post__badge\">Destinations<\/div>\n\t\t\t\t<div class=\"elementor-post__text\">\n\t\t\t\t<h3 class=\"elementor-post__title\">\n\t\t\t<a href=\"https:\/\/luxgroup.vn\/vi\/tren-song-sai-gon-the-he-du-thuyen-moi-dang-bien-lich-su-thanh-du-lich-sang-trong\/\" >\n\t\t\t\tTr\u00ean S\u00f4ng S\u00e0i G\u00f2n, Th\u1ebf H\u1ec7 Du Thuy\u1ec1n M\u1edbi \u0110ang Bi\u1ebfn L\u1ecbch S\u1eed Th\u00e0nh Du L\u1ecbch Sang Tr\u1ecdng\t\t\t<\/a>\n\t\t<\/h3>\n\t\t\t\t<div class=\"elementor-post__excerpt\">\n\t\t\t<p>Trong nhi\u1ec1u th\u1ebf k\u1ef7, S\u00f4ng S\u00e0i G\u00f2n kh\u00f4ng ch\u1ec9 l\u00e0 m\u1ed9t d\u00f2ng n\u01b0\u1edbc ch\u1ea3y qua<\/p>\n\t\t<\/div>\n\t\t\t\t\t<a class=\"elementor-post__read-more\" href=\"https:\/\/luxgroup.vn\/vi\/tren-song-sai-gon-the-he-du-thuyen-moi-dang-bien-lich-su-thanh-du-lich-sang-trong\/\" >\n\t\t\t\tRead More \u00bb\t\t\t<\/a>\n\t\t\t\t<\/div>\n\t\t\t\t\t<\/div>\n\t\t<\/article>\n\t\t\t\t<article class=\"elementor-post elementor-grid-item post-27086 post type-post status-publish format-standard has-post-thumbnail hentry category-news category-luxnews category-prosperity category-tin-tuc-3 tag-luxgroup-2-2 tag-vietnam-waterway\">\n\t\t\t<div class=\"elementor-post__card\">\n\t\t\t\t<a class=\"elementor-post__thumbnail__link\" href=\"https:\/\/luxgroup.vn\/vi\/luxgroup-lan-dau-duoc-de-cu-thuong-hieu-quoc-gia-viet-nam-2026\/\" ><div class=\"elementor-post__thumbnail\"><img src=\"https:\/\/luxgroup.vn\/wp-content\/uploads\/2026\/03\/original-6B243529-117B-4473-9055-DFA5D9418AA0.jpeg\" title=\"original-6B243529-117B-4473-9055-DFA5D9418AA0\" alt=\"original-6B243529-117B-4473-9055-DFA5D9418AA0\" \/><\/div><\/a>\n\t\t\t\t<div class=\"elementor-post__badge\">In The News<\/div>\n\t\t\t\t<div class=\"elementor-post__text\">\n\t\t\t\t<h3 class=\"elementor-post__title\">\n\t\t\t<a href=\"https:\/\/luxgroup.vn\/vi\/luxgroup-lan-dau-duoc-de-cu-thuong-hieu-quoc-gia-viet-nam-2026\/\" >\n\t\t\t\tLuxGroup l\u1ea7n \u0111\u1ea7u \u0111\u01b0\u1ee3c \u0111\u1ec1 c\u1eed Th\u01b0\u01a1ng hi\u1ec7u Qu\u1ed1c gia Vi\u1ec7t Nam 2026: Doanh nghi\u1ec7p ti\u00ean phong du l\u1ecbch sang tr\u1ecdng b\u1ec1n v\u1eefng v\u00e0 t\u1ea7m nh\u00ecn Vietnam Waterways 2045\t\t\t<\/a>\n\t\t<\/h3>\n\t\t\t\t<div class=\"elementor-post__excerpt\">\n\t\t\t<p>H\u00e0 N\u1ed9i, Vi\u1ec7t Nam \u2013 T\u1eadp \u0111o\u00e0n LuxGroup\u00a0v\u1eeba ch\u00ednh th\u1ee9c \u0111\u01b0\u1ee3c \u0111\u1ec1 c\u1eed tham gia<\/p>\n\t\t<\/div>\n\t\t\t\t\t<a class=\"elementor-post__read-more\" href=\"https:\/\/luxgroup.vn\/vi\/luxgroup-lan-dau-duoc-de-cu-thuong-hieu-quoc-gia-viet-nam-2026\/\" >\n\t\t\t\tRead More \u00bb\t\t\t<\/a>\n\t\t\t\t<\/div>\n\t\t\t\t\t<\/div>\n\t\t<\/article>\n\t\t\t\t<\/div>\n\n\n\t\t\n\t\t\t\t<div class=\"e-load-more-anchor\" data-page=\"1\" data-max-page=\"43\" data-next-page=\"https:\/\/luxgroup.vn\/vi\/wp-json\/wp\/v2\/pages\/23690\/page\/2\/\"><\/div>\n\t\t\t\t<nav class=\"elementor-pagination\" role=\"navigation\" aria-label=\"Pagination\">\n\t\t\t<span class=\"page-numbers prev\">&laquo; Previous<\/span>\n<span aria-current=\"page\" class=\"page-numbers current\"><span class=\"elementor-screen-only\">Page<\/span>1<\/span>\n<a class=\"page-numbers\" href=\"https:\/\/luxgroup.vn\/vi\/wp-json\/wp\/v2\/pages\/23690\/page\/2\/\"><span class=\"elementor-screen-only\">Page<\/span>2<\/a>\n<a class=\"page-numbers\" href=\"https:\/\/luxgroup.vn\/vi\/wp-json\/wp\/v2\/pages\/23690\/page\/3\/\"><span class=\"elementor-screen-only\">Page<\/span>3<\/a>\n<span class=\"page-numbers dots\">&hellip;<\/span>\n<a class=\"page-numbers\" href=\"https:\/\/luxgroup.vn\/vi\/wp-json\/wp\/v2\/pages\/23690\/page\/5\/\"><span class=\"elementor-screen-only\">Page<\/span>5<\/a>\n<a class=\"page-numbers next\" href=\"https:\/\/luxgroup.vn\/vi\/wp-json\/wp\/v2\/pages\/23690\/page\/2\/\">Next &raquo;<\/a>\t\t<\/nav>\n\t\t\t\t<\/div>\n\t\t\t\t<\/div>\n\t\t\t\t\t<\/div>\n\t\t<\/div>\n\t\t\t\t\t\t\t<\/div>\n\t\t<\/section>\n\t\t\t\t\t\t\t<\/div>\n\t\t","protected":false},"excerpt":{"rendered":"<p>LuxGroup Tin T\u1ee9c Tin T\u1ee9c h\u00e0ng ng\u00e0y v\u1ec1 LuxGroup v\u00e0 du l\u1ecbch Ch\u00e2u \u00c1<\/p>\n","protected":false},"author":5,"featured_media":22762,"parent":0,"menu_order":0,"comment_status":"closed","ping_status":"closed","template":"","meta":[],"_links":{"self":[{"href":"https:\/\/luxgroup.vn\/vi\/wp-json\/wp\/v2\/pages\/23690"}],"collection":[{"href":"https:\/\/luxgroup.vn\/vi\/wp-json\/wp\/v2\/pages"}],"about":[{"href":"https:\/\/luxgroup.vn\/vi\/wp-json\/wp\/v2\/types\/page"}],"author":[{"embeddable":true,"href":"https:\/\/luxgroup.vn\/vi\/wp-json\/wp\/v2\/users\/5"}],"replies":[{"embeddable":true,"href":"https:\/\/luxgroup.vn\/vi\/wp-json\/wp\/v2\/comments?post=23690"}],"version-history":[{"count":0,"href":"https:\/\/luxgroup.vn\/vi\/wp-json\/wp\/v2\/pages\/23690\/revisions"}],"wp:featuredmedia":[{"embeddable":true,"href":"https:\/\/luxgroup.vn\/vi\/wp-json\/wp\/v2\/media\/22762"}],"wp:attachment":[{"href":"https:\/\/luxgroup.vn\/vi\/wp-json\/wp\/v2\/media?parent=23690"}],"curies":[{"name":"wp","href":"https:\/\/api.w.org\/{rel}","templated":true}]}}